{"id":401,"date":"2022-12-15T20:48:58","date_gmt":"2022-12-15T20:48:58","guid":{"rendered":"https:\/\/nalixgarciacatalanfisiatra.com\/nalixgarciacatalanfisiatra\/?page_id=401"},"modified":"2023-02-15T13:37:13","modified_gmt":"2023-02-15T13:37:13","slug":"contacto","status":"publish","type":"page","link":"https:\/\/nalixgarciacatalanfisiatra.com\/en\/contacto\/","title":{"rendered":"Contact"},"content":{"rendered":"<div data-elementor-type=\"wp-page\" data-elementor-id=\"401\" class=\"elementor elementor-401\" data-elementor-settings=\"{&quot;ha_cmc_init_switcher&quot;:&quot;no&quot;}\">\n\t\t\t\t\t\t<section class=\"elementor-section elementor-top-section elementor-element elementor-element-27cd8e7 elementor-section-boxed elementor-section-height-default elementor-section-height-default\" data-id=\"27cd8e7\" data-element_type=\"section\" data-settings=\"{&quot;jet_parallax_layout_list&quot;:[],&quot;background_background&quot;:&quot;classic&quot;,&quot;_ha_eqh_enable&quot;:false}\">\n\t\t\t\t\t\t<div class=\"elementor-container elementor-column-gap-default\">\n\t\t\t\t\t<div class=\"elementor-column elementor-col-100 elementor-top-column elementor-element elementor-element-6dc1283\" data-id=\"6dc1283\" data-element_type=\"column\">\n\t\t\t<div class=\"elementor-widget-wrap elementor-element-populated\">\n\t\t\t\t\t\t<div class=\"elementor-element elementor-element-9801f30 elementor-widget elementor-widget-heading\" data-id=\"9801f30\" data-element_type=\"widget\" data-widget_type=\"heading.default\">\n\t\t\t\t<div class=\"elementor-widget-container\">\n\t\t\t\t\t<h4 class=\"elementor-heading-title elementor-size-default\">Contact us<\/h4>\t\t\t\t<\/div>\n\t\t\t\t<\/div>\n\t\t\t\t<section class=\"elementor-section elementor-inner-section elementor-element elementor-element-fc04796 elementor-section-boxed elementor-section-height-default elementor-section-height-default elementor-invisible\" data-id=\"fc04796\" data-element_type=\"section\" data-settings=\"{&quot;jet_parallax_layout_list&quot;:[],&quot;animation&quot;:&quot;fadeIn&quot;,&quot;_ha_eqh_enable&quot;:false}\">\n\t\t\t\t\t\t<div class=\"elementor-container elementor-column-gap-default\">\n\t\t\t\t\t<div class=\"elementor-column elementor-col-50 elementor-inner-column elementor-element elementor-element-9f05435\" data-id=\"9f05435\" data-element_type=\"column\">\n\t\t\t<div class=\"elementor-widget-wrap elementor-element-populated\">\n\t\t\t\t\t\t<div class=\"elementor-element elementor-element-3b63fec elementor-align-left elementor-mobile-align-center elementor-icon-list--layout-traditional elementor-list-item-link-full_width elementor-widget elementor-widget-icon-list\" data-id=\"3b63fec\" data-element_type=\"widget\" data-widget_type=\"icon-list.default\">\n\t\t\t\t<div class=\"elementor-widget-container\">\n\t\t\t\t\t\t\t<ul class=\"elementor-icon-list-items\">\n\t\t\t\t\t\t\t<li class=\"elementor-icon-list-item\">\n\t\t\t\t\t\t\t\t\t\t\t<a href=\"tel:787-768-9400\">\n\n\t\t\t\t\t\t\t\t\t\t\t\t<span class=\"elementor-icon-list-icon\">\n\t\t\t\t\t\t\t<i aria-hidden=\"true\" class=\"fas fa-phone-alt\"><\/i>\t\t\t\t\t\t<\/span>\n\t\t\t\t\t\t\t\t\t\t<span class=\"elementor-icon-list-text\">787-768-9400<\/span>\n\t\t\t\t\t\t\t\t\t\t\t<\/a>\n\t\t\t\t\t\t\t\t\t<\/li>\n\t\t\t\t\t\t\t\t<li class=\"elementor-icon-list-item\">\n\t\t\t\t\t\t\t\t\t\t\t<a href=\"https:\/\/wa.link\/sz1bpm\">\n\n\t\t\t\t\t\t\t\t\t\t\t\t<span class=\"elementor-icon-list-icon\">\n\t\t\t\t\t\t\t<i aria-hidden=\"true\" class=\"fab fa-whatsapp\"><\/i>\t\t\t\t\t\t<\/span>\n\t\t\t\t\t\t\t\t\t\t<span class=\"elementor-icon-list-text\">787-946-7494<\/span>\n\t\t\t\t\t\t\t\t\t\t\t<\/a>\n\t\t\t\t\t\t\t\t\t<\/li>\n\t\t\t\t\t\t<\/ul>\n\t\t\t\t\t\t<\/div>\n\t\t\t\t<\/div>\n\t\t\t\t<div class=\"elementor-element elementor-element-1ae78fb elementor-align-left elementor-mobile-align-center elementor-icon-list--layout-traditional elementor-list-item-link-full_width elementor-widget elementor-widget-icon-list\" data-id=\"1ae78fb\" data-element_type=\"widget\" data-widget_type=\"icon-list.default\">\n\t\t\t\t<div class=\"elementor-widget-container\">\n\t\t\t\t\t\t\t<ul class=\"elementor-icon-list-items\">\n\t\t\t\t\t\t\t<li class=\"elementor-icon-list-item\">\n\t\t\t\t\t\t\t\t\t\t\t<span class=\"elementor-icon-list-icon\">\n\t\t\t\t\t\t\t<i aria-hidden=\"true\" class=\"far fa-clock\"><\/i>\t\t\t\t\t\t<\/span>\n\t\t\t\t\t\t\t\t\t\t<span class=\"elementor-icon-list-text\">MONDAY TO FRIDAY<\/span>\n\t\t\t\t\t\t\t\t\t<\/li>\n\t\t\t\t\t\t\t\t<li class=\"elementor-icon-list-item\">\n\t\t\t\t\t\t\t\t\t\t<span class=\"elementor-icon-list-text\"><strong>8:00am - 4:00pm<\/strong><\/span>\n\t\t\t\t\t\t\t\t\t<\/li>\n\t\t\t\t\t\t<\/ul>\n\t\t\t\t\t\t<\/div>\n\t\t\t\t<\/div>\n\t\t\t\t<div class=\"elementor-element elementor-element-2977896 elementor-align-left elementor-mobile-align-center elementor-icon-list--layout-traditional elementor-list-item-link-full_width elementor-widget elementor-widget-icon-list\" data-id=\"2977896\" data-element_type=\"widget\" data-widget_type=\"icon-list.default\">\n\t\t\t\t<div class=\"elementor-widget-container\">\n\t\t\t\t\t\t\t<ul class=\"elementor-icon-list-items\">\n\t\t\t\t\t\t\t<li class=\"elementor-icon-list-item\">\n\t\t\t\t\t\t\t\t\t\t\t<a href=\"https:\/\/www.google.com\/maps\/place\/18%C2%B023&#039;58.2%22N+65%C2%B057&#039;56.0%22W\/@18.3992523,-65.9654369,20.68z\/data=!4m4!3m3!8m2!3d18.3994853!4d-65.9655534?hl=es-419\" target=\"_blank\">\n\n\t\t\t\t\t\t\t\t\t\t\t\t<span class=\"elementor-icon-list-icon\">\n\t\t\t\t\t\t\t<i aria-hidden=\"true\" class=\"icon icon-map-marker1\"><\/i>\t\t\t\t\t\t<\/span>\n\t\t\t\t\t\t\t\t\t\t<span class=\"elementor-icon-list-text\">Ave Roberto Clemente 51 Urb Villa Carolina, Carolina<\/span>\n\t\t\t\t\t\t\t\t\t\t\t<\/a>\n\t\t\t\t\t\t\t\t\t<\/li>\n\t\t\t\t\t\t<\/ul>\n\t\t\t\t\t\t<\/div>\n\t\t\t\t<\/div>\n\t\t\t\t\t<\/div>\n\t\t<\/div>\n\t\t\t\t<div class=\"elementor-column elementor-col-50 elementor-inner-column elementor-element elementor-element-0254cd1\" data-id=\"0254cd1\" data-element_type=\"column\">\n\t\t\t<div class=\"elementor-widget-wrap elementor-element-populated\">\n\t\t\t\t\t\t<div class=\"elementor-element elementor-element-b937e09 elementor-hidden-desktop elementor-hidden-tablet elementor-hidden-mobile elementor-widget elementor-widget-google_maps\" data-id=\"b937e09\" data-element_type=\"widget\" data-widget_type=\"google_maps.default\">\n\t\t\t\t<div class=\"elementor-widget-container\">\n\t\t\t\t\t\t\t<div class=\"elementor-custom-embed\">\n\t\t\t<iframe loading=\"lazy\"\n\t\t\t\t\tsrc=\"https:\/\/maps.google.com\/maps?q=Ave%20Roberto%20Clemente%2051%20Urb%20Villa%20Carolina%2C%20Carolina&#038;t=m&#038;z=14&#038;output=embed&#038;iwloc=near\"\n\t\t\t\t\ttitle=\"Ave Roberto Clemente 51 Urb Villa Carolina, Carolina\"\n\t\t\t\t\taria-label=\"Ave Roberto Clemente 51 Urb Villa Carolina, Carolina\"\n\t\t\t><\/iframe>\n\t\t<\/div>\n\t\t\t\t\t\t<\/div>\n\t\t\t\t<\/div>\n\t\t\t\t<div class=\"elementor-element elementor-element-68239e7 elementor-widget elementor-widget-google_maps\" data-id=\"68239e7\" data-element_type=\"widget\" data-widget_type=\"google_maps.default\">\n\t\t\t\t<div class=\"elementor-widget-container\">\n\t\t\t\t\t\t\t<div class=\"elementor-custom-embed\">\n\t\t\t<iframe loading=\"lazy\"\n\t\t\t\t\tsrc=\"https:\/\/maps.google.com\/maps?q=18.39948525914526%2C%20-65.96555344525781&#038;t=m&#038;z=17&#038;output=embed&#038;iwloc=near\"\n\t\t\t\t\ttitle=\"18.39948525914526, -65.96555344525781\"\n\t\t\t\t\taria-label=\"18.39948525914526, -65.96555344525781\"\n\t\t\t><\/iframe>\n\t\t<\/div>\n\t\t\t\t\t\t<\/div>\n\t\t\t\t<\/div>\n\t\t\t\t\t<\/div>\n\t\t<\/div>\n\t\t\t\t\t<\/div>\n\t\t<\/section>\n\t\t\t\t\t<\/div>\n\t\t<\/div>\n\t\t\t\t\t<\/div>\n\t\t<\/section>\n\t\t\t\t<\/div>","protected":false},"excerpt":{"rendered":"<p>Comun\u00edquese con Nosotros 787-768-9400 787-946-7494 LUNES A VIERNES 8:00am &#8211; 4:00pm Ave Roberto Clemente 51 Urb Villa Carolina, Carolina<\/p>","protected":false},"author":1,"featured_media":255,"parent":0,"menu_order":0,"comment_status":"closed","ping_status":"closed","template":"elementor_header_footer","meta":{"_joinchat":[],"footnotes":""},"class_list":["post-401","page","type-page","status-publish","has-post-thumbnail","hentry"],"yoast_head":"<!-- This site is optimized with the Yoast SEO plugin v24.6 - https:\/\/yoast.com\/wordpress\/plugins\/seo\/ -->\n<title>Nalix Garc\u00eda Catal\u00e1n MD | Fisiatra | Carolina PR<\/title>\n<meta name=\"description\" content=\"Especialista en medicina f\u00edsica y rehabilitaci\u00f3n en Carolina PR. Cuenta con m\u00e1s de 23 a\u00f1os de experiencia en el campo de la medicina. Ayudando a las personas a recobrar las funciones corporales que perdieron debido a enfermedades, lesiones o despu\u00e9s de una cirug\u00eda.\" \/>\n<meta name=\"robots\" content=\"index, follow, max-snippet:-1, max-image-preview:large, max-video-preview:-1\" \/>\n<link rel=\"canonical\" href=\"https:\/\/nalixgarciacatalanfisiatra.com\/en\/contacto\/\" \/>\n<meta property=\"og:locale\" content=\"en_US\" \/>\n<meta property=\"og:type\" content=\"article\" \/>\n<meta property=\"og:title\" content=\"Nalix Garc\u00eda Catal\u00e1n MD | Fisiatra | Carolina PR\" \/>\n<meta property=\"og:description\" content=\"Especialista en medicina f\u00edsica y rehabilitaci\u00f3n en Carolina PR. Cuenta con m\u00e1s de 23 a\u00f1os de experiencia en el campo de la medicina. Ayudando a las personas a recobrar las funciones corporales que perdieron debido a enfermedades, lesiones o despu\u00e9s de una cirug\u00eda.\" \/>\n<meta property=\"og:url\" content=\"https:\/\/nalixgarciacatalanfisiatra.com\/en\/contacto\/\" \/>\n<meta property=\"og:site_name\" content=\"NALIX GARC\u00cdA CATAL\u00c1N, M.D.\" \/>\n<meta property=\"article:modified_time\" content=\"2023-02-15T13:37:13+00:00\" \/>\n<meta property=\"og:image\" content=\"https:\/\/nalixgarciacatalanfisiatra.com\/wp-content\/uploads\/2022\/12\/Group-23.png\" \/>\n\t<meta property=\"og:image:width\" content=\"404\" \/>\n\t<meta property=\"og:image:height\" content=\"88\" \/>\n\t<meta property=\"og:image:type\" content=\"image\/png\" \/>\n<meta name=\"twitter:card\" content=\"summary_large_image\" \/>\n<meta name=\"twitter:title\" content=\"Nalix Garc\u00eda Catal\u00e1n MD | Fisiatra | Carolina PR\" \/>\n<meta name=\"twitter:description\" content=\"Especialista en medicina f\u00edsica y rehabilitaci\u00f3n en Carolina PR. Cuenta con m\u00e1s de 23 a\u00f1os de experiencia en el campo de la medicina. Ayudando a las personas a recobrar las funciones corporales que perdieron debido a enfermedades, lesiones o despu\u00e9s de una cirug\u00eda.\" \/>\n<meta name=\"twitter:image\" content=\"https:\/\/nalixgarciacatalanfisiatra.com\/wp-content\/uploads\/2022\/12\/Group-23.png\" \/>\n<meta name=\"twitter:label1\" content=\"Est. reading time\" \/>\n\t<meta name=\"twitter:data1\" content=\"1 minute\" \/>\n<script type=\"application\/ld+json\" class=\"yoast-schema-graph\">{\"@context\":\"https:\/\/schema.org\",\"@graph\":[{\"@type\":\"WebPage\",\"@id\":\"https:\/\/nalixgarciacatalanfisiatra.com\/contacto\/\",\"url\":\"https:\/\/nalixgarciacatalanfisiatra.com\/contacto\/\",\"name\":\"Nalix Garc\u00eda Catal\u00e1n MD | Fisiatra | Carolina PR\",\"isPartOf\":{\"@id\":\"https:\/\/nalixgarciacatalanfisiatra.com\/#website\"},\"primaryImageOfPage\":{\"@id\":\"https:\/\/nalixgarciacatalanfisiatra.com\/contacto\/#primaryimage\"},\"image\":{\"@id\":\"https:\/\/nalixgarciacatalanfisiatra.com\/contacto\/#primaryimage\"},\"thumbnailUrl\":\"https:\/\/nalixgarciacatalanfisiatra.com\/wp-content\/uploads\/2022\/12\/Captura-de-Pantalla-2022-12-15-a-las-14.51.31.png\",\"datePublished\":\"2022-12-15T20:48:58+00:00\",\"dateModified\":\"2023-02-15T13:37:13+00:00\",\"description\":\"Especialista en medicina f\u00edsica y rehabilitaci\u00f3n en Carolina PR. Cuenta con m\u00e1s de 23 a\u00f1os de experiencia en el campo de la medicina. Ayudando a las personas a recobrar las funciones corporales que perdieron debido a enfermedades, lesiones o despu\u00e9s de una cirug\u00eda.\",\"breadcrumb\":{\"@id\":\"https:\/\/nalixgarciacatalanfisiatra.com\/contacto\/#breadcrumb\"},\"inLanguage\":\"en-US\",\"potentialAction\":[{\"@type\":\"ReadAction\",\"target\":[\"https:\/\/nalixgarciacatalanfisiatra.com\/contacto\/\"]}]},{\"@type\":\"ImageObject\",\"inLanguage\":\"en-US\",\"@id\":\"https:\/\/nalixgarciacatalanfisiatra.com\/contacto\/#primaryimage\",\"url\":\"https:\/\/nalixgarciacatalanfisiatra.com\/wp-content\/uploads\/2022\/12\/Captura-de-Pantalla-2022-12-15-a-las-14.51.31.png\",\"contentUrl\":\"https:\/\/nalixgarciacatalanfisiatra.com\/wp-content\/uploads\/2022\/12\/Captura-de-Pantalla-2022-12-15-a-las-14.51.31.png\",\"width\":1028,\"height\":834},{\"@type\":\"BreadcrumbList\",\"@id\":\"https:\/\/nalixgarciacatalanfisiatra.com\/contacto\/#breadcrumb\",\"itemListElement\":[{\"@type\":\"ListItem\",\"position\":1,\"name\":\"Home\",\"item\":\"https:\/\/nalixgarciacatalanfisiatra.com\/\"},{\"@type\":\"ListItem\",\"position\":2,\"name\":\"Contacto\"}]},{\"@type\":\"WebSite\",\"@id\":\"https:\/\/nalixgarciacatalanfisiatra.com\/#website\",\"url\":\"https:\/\/nalixgarciacatalanfisiatra.com\/\",\"name\":\"NALIX GARC\u00cdA CATAL\u00c1N, M.D.\",\"description\":\"Fisiatra\",\"publisher\":{\"@id\":\"https:\/\/nalixgarciacatalanfisiatra.com\/#organization\"},\"potentialAction\":[{\"@type\":\"SearchAction\",\"target\":{\"@type\":\"EntryPoint\",\"urlTemplate\":\"https:\/\/nalixgarciacatalanfisiatra.com\/?s={search_term_string}\"},\"query-input\":{\"@type\":\"PropertyValueSpecification\",\"valueRequired\":true,\"valueName\":\"search_term_string\"}}],\"inLanguage\":\"en-US\"},{\"@type\":\"Organization\",\"@id\":\"https:\/\/nalixgarciacatalanfisiatra.com\/#organization\",\"name\":\"NALIX GARC\u00cdA CATAL\u00c1N, M.D.\",\"url\":\"https:\/\/nalixgarciacatalanfisiatra.com\/\",\"logo\":{\"@type\":\"ImageObject\",\"inLanguage\":\"en-US\",\"@id\":\"https:\/\/nalixgarciacatalanfisiatra.com\/#\/schema\/logo\/image\/\",\"url\":\"https:\/\/nalixgarciacatalanfisiatra.com\/wp-content\/uploads\/2022\/12\/cropped-Group-32.png\",\"contentUrl\":\"https:\/\/nalixgarciacatalanfisiatra.com\/wp-content\/uploads\/2022\/12\/cropped-Group-32.png\",\"width\":126,\"height\":141,\"caption\":\"NALIX GARC\u00cdA CATAL\u00c1N, M.D.\"},\"image\":{\"@id\":\"https:\/\/nalixgarciacatalanfisiatra.com\/#\/schema\/logo\/image\/\"}}]}<\/script>\n<!-- \/ Yoast SEO plugin. -->","yoast_head_json":{"title":"Nalix Garc\u00eda Catal\u00e1n MD | Fisiatra | Carolina PR","description":"Especialista en medicina f\u00edsica y rehabilitaci\u00f3n en Carolina PR. Cuenta con m\u00e1s de 23 a\u00f1os de experiencia en el campo de la medicina. Ayudando a las personas a recobrar las funciones corporales que perdieron debido a enfermedades, lesiones o despu\u00e9s de una cirug\u00eda.","robots":{"index":"index","follow":"follow","max-snippet":"max-snippet:-1","max-image-preview":"max-image-preview:large","max-video-preview":"max-video-preview:-1"},"canonical":"https:\/\/nalixgarciacatalanfisiatra.com\/en\/contacto\/","og_locale":"en_US","og_type":"article","og_title":"Nalix Garc\u00eda Catal\u00e1n MD | Fisiatra | Carolina PR","og_description":"Especialista en medicina f\u00edsica y rehabilitaci\u00f3n en Carolina PR. Cuenta con m\u00e1s de 23 a\u00f1os de experiencia en el campo de la medicina. Ayudando a las personas a recobrar las funciones corporales que perdieron debido a enfermedades, lesiones o despu\u00e9s de una cirug\u00eda.","og_url":"https:\/\/nalixgarciacatalanfisiatra.com\/en\/contacto\/","og_site_name":"NALIX GARC\u00cdA CATAL\u00c1N, M.D.","article_modified_time":"2023-02-15T13:37:13+00:00","og_image":[{"width":404,"height":88,"url":"https:\/\/nalixgarciacatalanfisiatra.com\/wp-content\/uploads\/2022\/12\/Group-23.png","type":"image\/png"}],"twitter_card":"summary_large_image","twitter_title":"Nalix Garc\u00eda Catal\u00e1n MD | Fisiatra | Carolina PR","twitter_description":"Especialista en medicina f\u00edsica y rehabilitaci\u00f3n en Carolina PR. Cuenta con m\u00e1s de 23 a\u00f1os de experiencia en el campo de la medicina. Ayudando a las personas a recobrar las funciones corporales que perdieron debido a enfermedades, lesiones o despu\u00e9s de una cirug\u00eda.","twitter_image":"https:\/\/nalixgarciacatalanfisiatra.com\/wp-content\/uploads\/2022\/12\/Group-23.png","twitter_misc":{"Est. reading time":"1 minute"},"schema":{"@context":"https:\/\/schema.org","@graph":[{"@type":"WebPage","@id":"https:\/\/nalixgarciacatalanfisiatra.com\/contacto\/","url":"https:\/\/nalixgarciacatalanfisiatra.com\/contacto\/","name":"Nalix Garc\u00eda Catal\u00e1n MD | Fisiatra | Carolina PR","isPartOf":{"@id":"https:\/\/nalixgarciacatalanfisiatra.com\/#website"},"primaryImageOfPage":{"@id":"https:\/\/nalixgarciacatalanfisiatra.com\/contacto\/#primaryimage"},"image":{"@id":"https:\/\/nalixgarciacatalanfisiatra.com\/contacto\/#primaryimage"},"thumbnailUrl":"https:\/\/nalixgarciacatalanfisiatra.com\/wp-content\/uploads\/2022\/12\/Captura-de-Pantalla-2022-12-15-a-las-14.51.31.png","datePublished":"2022-12-15T20:48:58+00:00","dateModified":"2023-02-15T13:37:13+00:00","description":"Especialista en medicina f\u00edsica y rehabilitaci\u00f3n en Carolina PR. Cuenta con m\u00e1s de 23 a\u00f1os de experiencia en el campo de la medicina. Ayudando a las personas a recobrar las funciones corporales que perdieron debido a enfermedades, lesiones o despu\u00e9s de una cirug\u00eda.","breadcrumb":{"@id":"https:\/\/nalixgarciacatalanfisiatra.com\/contacto\/#breadcrumb"},"inLanguage":"en-US","potentialAction":[{"@type":"ReadAction","target":["https:\/\/nalixgarciacatalanfisiatra.com\/contacto\/"]}]},{"@type":"ImageObject","inLanguage":"en-US","@id":"https:\/\/nalixgarciacatalanfisiatra.com\/contacto\/#primaryimage","url":"https:\/\/nalixgarciacatalanfisiatra.com\/wp-content\/uploads\/2022\/12\/Captura-de-Pantalla-2022-12-15-a-las-14.51.31.png","contentUrl":"https:\/\/nalixgarciacatalanfisiatra.com\/wp-content\/uploads\/2022\/12\/Captura-de-Pantalla-2022-12-15-a-las-14.51.31.png","width":1028,"height":834},{"@type":"BreadcrumbList","@id":"https:\/\/nalixgarciacatalanfisiatra.com\/contacto\/#breadcrumb","itemListElement":[{"@type":"ListItem","position":1,"name":"Home","item":"https:\/\/nalixgarciacatalanfisiatra.com\/"},{"@type":"ListItem","position":2,"name":"Contacto"}]},{"@type":"WebSite","@id":"https:\/\/nalixgarciacatalanfisiatra.com\/#website","url":"https:\/\/nalixgarciacatalanfisiatra.com\/","name":"NALIX GARC\u00cdA CATAL\u00c1N, M.D.","description":"Physiatrist","publisher":{"@id":"https:\/\/nalixgarciacatalanfisiatra.com\/#organization"},"potentialAction":[{"@type":"SearchAction","target":{"@type":"EntryPoint","urlTemplate":"https:\/\/nalixgarciacatalanfisiatra.com\/?s={search_term_string}"},"query-input":{"@type":"PropertyValueSpecification","valueRequired":true,"valueName":"search_term_string"}}],"inLanguage":"en-US"},{"@type":"Organization","@id":"https:\/\/nalixgarciacatalanfisiatra.com\/#organization","name":"NALIX GARC\u00cdA CATAL\u00c1N, M.D.","url":"https:\/\/nalixgarciacatalanfisiatra.com\/","logo":{"@type":"ImageObject","inLanguage":"en-US","@id":"https:\/\/nalixgarciacatalanfisiatra.com\/#\/schema\/logo\/image\/","url":"https:\/\/nalixgarciacatalanfisiatra.com\/wp-content\/uploads\/2022\/12\/cropped-Group-32.png","contentUrl":"https:\/\/nalixgarciacatalanfisiatra.com\/wp-content\/uploads\/2022\/12\/cropped-Group-32.png","width":126,"height":141,"caption":"NALIX GARC\u00cdA CATAL\u00c1N, M.D."},"image":{"@id":"https:\/\/nalixgarciacatalanfisiatra.com\/#\/schema\/logo\/image\/"}}]}},"_links":{"self":[{"href":"https:\/\/nalixgarciacatalanfisiatra.com\/en\/wp-json\/wp\/v2\/pages\/401","targetHints":{"allow":["GET"]}}],"collection":[{"href":"https:\/\/nalixgarciacatalanfisiatra.com\/en\/wp-json\/wp\/v2\/pages"}],"about":[{"href":"https:\/\/nalixgarciacatalanfisiatra.com\/en\/wp-json\/wp\/v2\/types\/page"}],"author":[{"embeddable":true,"href":"https:\/\/nalixgarciacatalanfisiatra.com\/en\/wp-json\/wp\/v2\/users\/1"}],"replies":[{"embeddable":true,"href":"https:\/\/nalixgarciacatalanfisiatra.com\/en\/wp-json\/wp\/v2\/comments?post=401"}],"version-history":[{"count":5,"href":"https:\/\/nalixgarciacatalanfisiatra.com\/en\/wp-json\/wp\/v2\/pages\/401\/revisions"}],"predecessor-version":[{"id":504,"href":"https:\/\/nalixgarciacatalanfisiatra.com\/en\/wp-json\/wp\/v2\/pages\/401\/revisions\/504"}],"wp:featuredmedia":[{"embeddable":true,"href":"https:\/\/nalixgarciacatalanfisiatra.com\/en\/wp-json\/wp\/v2\/media\/255"}],"wp:attachment":[{"href":"https:\/\/nalixgarciacatalanfisiatra.com\/en\/wp-json\/wp\/v2\/media?parent=401"}],"curies":[{"name":"wp","href":"https:\/\/api.w.org\/{rel}","templated":true}]}}